{"id":6289,"date":"2022-05-21T22:05:08","date_gmt":"2022-05-21T22:05:08","guid":{"rendered":"http:\/\/www4.ekf.tuke.sk\/krvam\/?page_id=6289"},"modified":"2024-07-10T08:21:41","modified_gmt":"2024-07-10T08:21:41","slug":"digisoc","status":"publish","type":"page","link":"https:\/\/krvam.ekf.tuke.sk\/index.php\/digisoc\/","title":{"rendered":"DIGI-SOC"},"content":{"rendered":"[vc_row type=&#8220;full_width_background&#8220; full_screen_row_position=&#8220;middle&#8220; column_margin=&#8220;default&#8220; equal_height=&#8220;yes&#8220; content_placement=&#8220;middle&#8220; column_direction=&#8220;default&#8220; column_direction_tablet=&#8220;default&#8220; column_direction_phone=&#8220;default&#8220; bg_color=&#8220;#0a0909&#8243; bg_image=&#8220;https:\/\/source.unsplash.com\/collection\/179646\/daily&#8220; bg_position=&#8220;left top&#8220; background_image_loading=&#8220;default&#8220; bg_repeat=&#8220;no-repeat&#8220; scene_position=&#8220;center&#8220; top_padding=&#8220;10%&#8220; bottom_padding=&#8220;10%&#8220; text_color=&#8220;light&#8220; text_align=&#8220;left&#8220; row_border_radius=&#8220;none&#8220; row_border_radius_applies=&#8220;bg&#8220; overflow=&#8220;visible&#8220; color_overlay=&#8220;#262e38&#8243; overlay_strength=&#8220;0.95&#8243; gradient_direction=&#8220;left_to_right&#8220; shape_divider_position=&#8220;bottom&#8220; bg_image_animation=&#8220;none&#8220;][vc_column column_padding=&#8220;no-extra-padding&#8220; column_padding_tablet=&#8220;inherit&#8220; column_padding_phone=&#8220;inherit&#8220; column_padding_position=&#8220;all&#8220; column_element_spacing=&#8220;default&#8220; background_color_opacity=&#8220;1&#8243; background_hover_color_opacity=&#8220;1&#8243; column_shadow=&#8220;none&#8220; column_border_radius=&#8220;none&#8220; column_link_target=&#8220;_self&#8220; column_position=&#8220;default&#8220; gradient_direction=&#8220;left_to_right&#8220; overlay_strength=&#8220;0.3&#8243; width=&#8220;1\/2&#8243; tablet_width_inherit=&#8220;default&#8220; tablet_text_alignment=&#8220;default&#8220; phone_text_alignment=&#8220;default&#8220; animation_type=&#8220;default&#8220; enable_animation=&#8220;true&#8220; animation=&#8220;flip-in-vertical&#8220; bg_image_animation=&#8220;none&#8220; border_type=&#8220;simple&#8220; column_border_width=&#8220;none&#8220; column_border_style=&#8220;solid&#8220; delay=&#8220;200&#8243;][image_with_animation image_url=&#8220;7744&#8243; image_size=&#8220;full&#8220; animation_type=&#8220;entrance&#8220; animation=&#8220;Fade In&#8220; hover_animation=&#8220;none&#8220; alignment=&#8220;&#8220; border_radius=&#8220;none&#8220; box_shadow=&#8220;none&#8220; image_loading=&#8220;default&#8220; max_width=&#8220;100%&#8220; max_width_mobile=&#8220;default&#8220;][nectar_cta btn_style=&#8220;next-section&#8220; btn_type=&#8220;down-arrow-bordered&#8220; next_section_color=&#8220;#ffffff&#8220; next_section_shadow=&#8220;none&#8220; alignment=&#8220;left&#8220; alignment_tablet=&#8220;default&#8220; alignment_phone=&#8220;default&#8220; display_tablet=&#8220;inherit&#8220; display_phone=&#8220;inherit&#8220;][\/vc_column][vc_column column_padding=&#8220;padding-6-percent&#8220; column_padding_tablet=&#8220;inherit&#8220; column_padding_phone=&#8220;inherit&#8220; column_padding_position=&#8220;all&#8220; column_element_spacing=&#8220;default&#8220; background_color=&#8220;#1fc1bc&#8220; background_color_opacity=&#8220;1&#8243; background_hover_color_opacity=&#8220;1&#8243; font_color=&#8220;#ffffff&#8220; column_shadow=&#8220;small_depth&#8220; column_border_radius=&#8220;none&#8220; column_link_target=&#8220;_self&#8220; column_position=&#8220;default&#8220; advanced_gradient_angle=&#8220;0&#8243; gradient_direction=&#8220;left_to_right&#8220; overlay_strength=&#8220;0.3&#8243; width=&#8220;1\/2&#8243; tablet_width_inherit=&#8220;default&#8220; tablet_text_alignment=&#8220;default&#8220; phone_text_alignment=&#8220;default&#8220; animation_type=&#8220;default&#8220; enable_animation=&#8220;true&#8220; animation=&#8220;flip-in-vertical&#8220; bg_image_animation=&#8220;none&#8220; border_type=&#8220;simple&#8220; column_border_width=&#8220;none&#8220; column_border_style=&#8220;solid&#8220; gradient_type=&#8220;default&#8220;][vc_custom_heading text=&#8220;Digit\u00e1lne zru\u010dnosti a multisektorov\u00e1 podnikavos\u0165 pre spolo\u010densk\u00e9 v\u00fdzvy&#8220; font_container=&#8220;tag:h2|font_size:26|text_align:left|color:%23ffffff|line_height:36px&#8220; google_fonts=&#8220;font_family:Roboto%3A100%2C100italic%2C300%2C300italic%2Cregular%2Citalic%2C500%2C500italic%2C700%2C700italic%2C900%2C900italic|font_style:400%20regular%3A400%3Anormal&#8220;][divider line_type=&#8220;No Line&#8220; custom_height=&#8220;20&#8243;][heading]\n<h6>Rok za\u010diatku rie\u0161enia projektu: 2021<\/h6>\n<h6>Rok skon\u010denia rie\u0161enia projektu: 2023<\/h6>\n<h6>Poskytovate\u013e finan\u010dn\u00fdch prostriedkov (grantov\u00e1 agent\u00fara, objedn\u00e1vate\u013e): ERASMUS+<\/h6>\n<h6>Registra\u010dn\u00e9 \u010d\u00edslo projektu: 2021-1-PL01-KA220-HED-000027649<\/h6>\n<h6>Koordin\u00e1torka: doc. Ing. Miriam \u0160ebov\u00e1, PhD.<\/h6>\n[\/heading][\/vc_column][\/vc_row][vc_row type=&#8220;full_width_background&#8220; full_screen_row_position=&#8220;middle&#8220; column_margin=&#8220;default&#8220; column_direction=&#8220;default&#8220; column_direction_tablet=&#8220;default&#8220; column_direction_phone=&#8220;default&#8220; bg_color=&#8220;#f9f9f9&#8243; scene_position=&#8220;center&#8220; top_padding=&#8220;5%&#8220; text_color=&#8220;dark&#8220; text_align=&#8220;left&#8220; row_border_radius=&#8220;none&#8220; row_border_radius_applies=&#8220;bg&#8220; overflow=&#8220;visible&#8220; overlay_strength=&#8220;0.3&#8243; gradient_direction=&#8220;left_to_right&#8220; shape_divider_position=&#8220;bottom&#8220; bg_image_animation=&#8220;none&#8220;][vc_column column_padding=&#8220;padding-1-percent&#8220; column_padding_tablet=&#8220;inherit&#8220; column_padding_phone=&#8220;inherit&#8220; column_padding_position=&#8220;all&#8220; column_element_spacing=&#8220;default&#8220; background_color_opacity=&#8220;1&#8243; background_hover_color_opacity=&#8220;1&#8243; column_shadow=&#8220;none&#8220; column_border_radius=&#8220;none&#8220; column_link_target=&#8220;_self&#8220; column_position=&#8220;default&#8220; gradient_direction=&#8220;left_to_right&#8220; overlay_strength=&#8220;0.3&#8243; width=&#8220;1\/1&#8243; tablet_width_inherit=&#8220;default&#8220; tablet_text_alignment=&#8220;default&#8220; phone_text_alignment=&#8220;default&#8220; animation_type=&#8220;default&#8220; bg_image_animation=&#8220;none&#8220; border_type=&#8220;simple&#8220; column_border_width=&#8220;none&#8220; column_border_style=&#8220;solid&#8220;][vc_column_text]\n<h2><span style=\"color: #33cccc;\">O projekte<\/span><\/h2>\n[\/vc_column_text][\/vc_column][\/vc_row][vc_row type=&#8220;full_width_background&#8220; full_screen_row_position=&#8220;middle&#8220; column_margin=&#8220;default&#8220; column_direction=&#8220;default&#8220; column_direction_tablet=&#8220;default&#8220; column_direction_phone=&#8220;default&#8220; bg_color=&#8220;#f9f9f9&#8243; scene_position=&#8220;center&#8220; bottom_padding=&#8220;4%&#8220; text_color=&#8220;dark&#8220; text_align=&#8220;left&#8220; row_border_radius=&#8220;none&#8220; row_border_radius_applies=&#8220;bg&#8220; overflow=&#8220;visible&#8220; overlay_strength=&#8220;0.3&#8243; gradient_direction=&#8220;left_to_right&#8220; shape_divider_position=&#8220;bottom&#8220; bg_image_animation=&#8220;none&#8220;][vc_column column_padding=&#8220;padding-1-percent&#8220; column_padding_tablet=&#8220;inherit&#8220; column_padding_phone=&#8220;inherit&#8220; column_padding_position=&#8220;all&#8220; column_element_spacing=&#8220;default&#8220; background_color_opacity=&#8220;1&#8243; background_hover_color_opacity=&#8220;1&#8243; column_shadow=&#8220;none&#8220; column_border_radius=&#8220;none&#8220; column_link_target=&#8220;_self&#8220; column_position=&#8220;default&#8220; advanced_gradient_angle=&#8220;0&#8243; gradient_direction=&#8220;left_to_right&#8220; overlay_strength=&#8220;0.3&#8243; width=&#8220;1\/3&#8243; tablet_width_inherit=&#8220;default&#8220; tablet_text_alignment=&#8220;default&#8220; phone_text_alignment=&#8220;default&#8220; animation_type=&#8220;default&#8220; bg_image_animation=&#8220;none&#8220; border_type=&#8220;simple&#8220; column_border_width=&#8220;none&#8220; column_border_style=&#8220;solid&#8220; gradient_type=&#8220;default&#8220;][vc_column_text]<strong>Ciele projektu<\/strong><\/p>\n<p>Projekt si stanovil tri hlavn\u00e9 ciele:<\/p>\n<ol>\n<li>implementova\u0165 inovat\u00edvne pedagogick\u00e9 met\u00f3dy, ktor\u00e9 \u0161tudentom v\u0161tepuj\u00fa medziodborov\u00e9 podnikav\u00e9 myslenie a rie\u0161ia soci\u00e1lne aj ekonomick\u00e9 v\u00fdzvy v spolupr\u00e1ci s pr\u00edslu\u0161n\u00fdmi zainteresovan\u00fdmi stranami;<\/li>\n<li>posilni\u0165 digit\u00e1lne kompetencie s praktick\u00fdmi aplik\u00e1ciami pri rozv\u00edjan\u00ed zru\u010dnost\u00ed nevyhnutn\u00fdmi pre podporu podnikavosti a zabezpe\u010di\u0165, aby tieto kompetencie boli neoddelite\u013enou s\u00fa\u010das\u0165ou z\u00e1kladn\u00fdch kurikul\u00e1rnych konceptov;<\/li>\n<li>p\u00f4sobi\u0165 v nadn\u00e1rodnom prostred\u00ed, \u010do \u00fa\u010dastn\u00edkom umo\u017en\u00ed vz\u00e1jomne z\u00edskava\u0165 poznatky a vymie\u0148a\u0165 si osved\u010den\u00e9 postupy a z\u00e1rove\u0148 rie\u0161i\u0165 celoeur\u00f3pske v\u00fdzvy a perspekt\u00edvy, ktor\u00e9 obohatia a roz\u0161\u00edria v\u00fdsledky projektu.<\/li>\n<\/ol>\n[\/vc_column_text][vc_column_text]<strong>V\u00fdstupy projektu<\/strong><\/p>\n<p>Hlavn\u00fdm v\u00fdsledkom projektu bude pr\u00edru\u010dka o digit\u00e1lnych zru\u010dnostiach a medzidisciplin\u00e1rnych podnikate\u013esk\u00fdch kompetenci\u00e1ch. Medzi \u010fal\u0161ie k\u013e\u00fa\u010dov\u00e9 v\u00fdstupy projektu patr\u00ed (i) h\u013abkov\u00e1 anal\u00fdza digit\u00e1lnych zru\u010dnost\u00ed a medzidisciplin\u00e1rnych podnikate\u013esk\u00fdch kompetenci\u00ed, (ii) u\u010debn\u00e9 materi\u00e1ly u\u013eah\u010duj\u00face rozvoj zru\u010dnost\u00ed a kompetenci\u00ed vo vysok\u00fdch \u0161kol\u00e1ch, (iii) usmernenia pre u\u010dite\u013eov o technik\u00e1ch akt\u00edvneho sa u\u010denia a (iv) pr\u00edpadov\u00e9 \u0161t\u00fadie ilustruj\u00face re\u00e1lne situ\u00e1cie, ktor\u00e9 si vy\u017eaduj\u00fa uplatnenie zru\u010dnost\u00ed a kompetenci\u00ed v praxi.[\/vc_column_text][\/vc_column][vc_column column_padding=&#8220;padding-1-percent&#8220; column_padding_tablet=&#8220;inherit&#8220; column_padding_phone=&#8220;inherit&#8220; column_padding_position=&#8220;all&#8220; column_element_spacing=&#8220;default&#8220; background_color_opacity=&#8220;1&#8243; background_hover_color_opacity=&#8220;1&#8243; column_shadow=&#8220;none&#8220; column_border_radius=&#8220;none&#8220; column_link_target=&#8220;_self&#8220; column_position=&#8220;default&#8220; gradient_direction=&#8220;left_to_right&#8220; overlay_strength=&#8220;0.3&#8243; width=&#8220;1\/3&#8243; tablet_width_inherit=&#8220;default&#8220; tablet_text_alignment=&#8220;default&#8220; phone_text_alignment=&#8220;default&#8220; animation_type=&#8220;default&#8220; bg_image_animation=&#8220;none&#8220; border_type=&#8220;simple&#8220; column_border_width=&#8220;none&#8220; column_border_style=&#8220;solid&#8220;][vc_column_text]<strong>Projektov\u00e9 aktivity<\/strong><\/p>\n<p>Jednou z\u00a0aktiv\u00edt je tvorba kurik\u00fal a u\u010debn\u00fdch materi\u00e1lov, ktor\u00e9 sa zaoberaj\u00fa digit\u00e1lnymi zru\u010dnos\u0165ami a medzidisciplin\u00e1rnymi podnikate\u013esk\u00fdmi kompetenciami \u0161tudentov, \u010d\u00edm ich pripravuj\u00fa na to, aby mohli \u010deli\u0165 spolo\u010densk\u00fdm v\u00fdzvam.<\/p>\n<p>Na dosiahnutie tohto cie\u013ea projekt realizuje: (i) mapovanie digit\u00e1lnych zru\u010dnost\u00ed a medzidisciplin\u00e1rnych podnikate\u013esk\u00fdch kompetenci\u00ed; (ii) identifik\u00e1ciu alebo prisp\u00f4sobenie existuj\u00facich u\u010debn\u00fdch materi\u00e1lov; (iii) realiz\u00e1ciu medzin\u00e1rodn\u00fdch podujat\u00ed pre \u0161tudentov na podporu rozvoja zru\u010dnost\u00ed a kompetenci\u00ed prostredn\u00edctvom akt\u00edvneho u\u010denia sa; (iv) zapojenie miestnych komun\u00edt do realiz\u00e1cie opatren\u00ed, ktor\u00e9 posil\u0148uj\u00fa podnikate\u013esk\u00fa \u00falohu univerz\u00edt (tretie poslanie univerz\u00edt); (v) vytvorenie pedagogickej pr\u00edru\u010dky s podrobn\u00fdm opisom prijat\u00fdch opatren\u00ed a dosiahnut\u00fdch v\u00fdsledkov.[\/vc_column_text][vc_column_text]Link na viac inform\u00e1ci\u00ed o\u00a0projekte:<\/p>\n<p><a href=\"https:\/\/www.ue.katowice.pl\/jednostki\/katedry\/wgpitr\/katedra-badan-strategicznych-i-regionalnych\/projekty-dydaktyczne\/digi-soc.html\">https:\/\/www.ue.katowice.pl\/jednostki\/katedry\/wgpitr\/katedra-badan-strategicznych-i-regionalnych\/projekty-dydaktyczne\/digi-soc.html<\/a><\/p>\n<p><a href=\"https:\/\/erasmus-plus.ec.europa.eu\/projects\/search\/details\/2021-1-PL01-KA220-HED-000027649\">https:\/\/erasmus-plus.ec.europa.eu\/projects\/search\/details\/2021-1-PL01-KA220-HED-000027649<\/a>[\/vc_column_text][image_with_animation image_url=&#8220;7745&#8243; image_size=&#8220;medium&#8220; animation_type=&#8220;entrance&#8220; animation=&#8220;Fade In&#8220; hover_animation=&#8220;none&#8220; alignment=&#8220;&#8220; border_radius=&#8220;none&#8220; box_shadow=&#8220;none&#8220; image_loading=&#8220;default&#8220; max_width=&#8220;100%&#8220; max_width_mobile=&#8220;default&#8220;][\/vc_column][vc_column column_padding=&#8220;padding-1-percent&#8220; column_padding_tablet=&#8220;inherit&#8220; column_padding_phone=&#8220;inherit&#8220; column_padding_position=&#8220;all&#8220; column_element_spacing=&#8220;default&#8220; background_color_opacity=&#8220;1&#8243; background_hover_color_opacity=&#8220;1&#8243; column_shadow=&#8220;none&#8220; column_border_radius=&#8220;none&#8220; column_link_target=&#8220;_self&#8220; column_position=&#8220;default&#8220; gradient_direction=&#8220;left_to_right&#8220; overlay_strength=&#8220;0.3&#8243; width=&#8220;1\/3&#8243; tablet_width_inherit=&#8220;default&#8220; tablet_text_alignment=&#8220;default&#8220; phone_text_alignment=&#8220;default&#8220; animation_type=&#8220;default&#8220; bg_image_animation=&#8220;none&#8220; border_type=&#8220;simple&#8220; column_border_width=&#8220;none&#8220; column_border_style=&#8220;solid&#8220;][vc_column_text css=&#8220;.vc_custom_1703161064042{border-top-width: 2px !important;border-right-width: 2px !important;border-bottom-width: 2px !important;border-left-width: 2px !important;padding-top: 40px !important;padding-right: 40px !important;padding-bottom: 40px !important;padding-left: 40px !important;border-left-color: #0a0a0a !important;border-left-style: solid !important;border-right-color: #0a0a0a !important;border-right-style: solid !important;border-top-color: #0a0a0a !important;border-top-style: solid !important;border-bottom-color: #0a0a0a !important;border-bottom-style: solid !important;}&#8220;]<strong>Digital skills and cross-domain entrepreneurship for societal challenges (DIGI-SOC)<\/strong><\/p>\n<p><strong>Digit\u00e1lne zru\u010dnosti a\u00a0multisektorov\u00e1\u00a0 podnikavos\u0165 pre spolo\u010densk\u00e9 v\u00fdzvy<\/strong>[\/vc_column_text][vc_column_text css=&#8220;.vc_custom_1703161180574{border-top-width: 2px !important;border-right-width: 2px !important;border-bottom-width: 2px !important;border-left-width: 2px !important;padding-top: 40px !important;padding-right: 40px !important;padding-bottom: 40px !important;padding-left: 40px !important;border-left-color: #0a0a0a !important;border-left-style: solid !important;border-right-color: #0a0a0a !important;border-right-style: solid !important;border-top-color: #0a0a0a !important;border-top-style: solid !important;border-bottom-color: #0a0a0a !important;border-bottom-style: solid !important;}&#8220;]\n<h4><span style=\"color: #33cccc;\">Projektov\u00e9 konzorcium<\/span><\/h4>\n<p>Uniwersytet Ekonomiczny w Katowicach, Po\u013esko (koordin\u00e1tor projektu); Universitat Autonoma de Barcelona, \u0160panielsko; Ekonomick\u00e1 Univerzita v Bratislave, Slovensko; Mittuniversitetet, Sweden Tampereen Ammattikorkeakoulu Oy, F\u00ednsko; Alma Mater Studiorum &#8211; Universita di Bologna, Taliansko; Universit\u00e9 de Lausanne, \u0160vaj\u010diarsko;Institut National De Recherche Pour L&#8217;agriculture, L&#8217;alimentation et L&#8217;environnement, Franc\u00fazsko; Technick\u00e1 Univerzita v Ko\u0161iciach, Slovensko;Iscte &#8211; Instituto Universitario de Lisboa, Portugalsko[\/vc_column_text][vc_column_text css=&#8220;.vc_custom_1703161291861{border-top-width: 2px !important;border-right-width: 2px !important;border-bottom-width: 2px !important;border-left-width: 2px !important;padding-top: 40px !important;padding-right: 40px !important;padding-bottom: 40px !important;padding-left: 40px !important;border-left-color: #0a0a0a !important;border-left-style: solid !important;border-right-color: #0a0a0a !important;border-right-style: solid !important;border-top-color: #0a0a0a !important;border-top-style: solid !important;border-bottom-color: #0a0a0a !important;border-bottom-style: solid !important;}&#8220;]V pr\u00edpade z\u00e1ujmu o \u010fal\u0161ie inform\u00e1cie n\u00e1s kontaktujte na adrese:<\/p>\n<p><a href=\"http:\/\/miriam.sebova@tuke.sk\">miriam.sebova@tuke.sk<\/a>[\/vc_column_text][\/vc_column][\/vc_row]\n","protected":false},"excerpt":{"rendered":"<p>[vc_row type=&#8220;full_width_background&#8220; full_screen_row_position=&#8220;middle&#8220; column_margin=&#8220;default&#8220; equal_height=&#8220;yes&#8220; content_placement=&#8220;middle&#8220; column_direction=&#8220;default&#8220; column_direction_tablet=&#8220;default&#8220; column_direction_phone=&#8220;default&#8220; bg_color=&#8220;#0a0909&#8243;&#8230;<\/p>\n","protected":false},"author":4,"featured_media":0,"parent":0,"menu_order":0,"comment_status":"closed","ping_status":"closed","template":"","meta":{"_monsterinsights_skip_tracking":false,"_monsterinsights_sitenote_active":false,"_monsterinsights_sitenote_note":"","_monsterinsights_sitenote_category":0,"footnotes":""},"class_list":["post-6289","page","type-page","status-publish"],"_links":{"self":[{"href":"https:\/\/krvam.ekf.tuke.sk\/index.php\/wp-json\/wp\/v2\/pages\/6289","targetHints":{"allow":["GET"]}}],"collection":[{"href":"https:\/\/krvam.ekf.tuke.sk\/index.php\/wp-json\/wp\/v2\/pages"}],"about":[{"href":"https:\/\/krvam.ekf.tuke.sk\/index.php\/wp-json\/wp\/v2\/types\/page"}],"author":[{"embeddable":true,"href":"https:\/\/krvam.ekf.tuke.sk\/index.php\/wp-json\/wp\/v2\/users\/4"}],"replies":[{"embeddable":true,"href":"https:\/\/krvam.ekf.tuke.sk\/index.php\/wp-json\/wp\/v2\/comments?post=6289"}],"version-history":[{"count":19,"href":"https:\/\/krvam.ekf.tuke.sk\/index.php\/wp-json\/wp\/v2\/pages\/6289\/revisions"}],"predecessor-version":[{"id":7899,"href":"https:\/\/krvam.ekf.tuke.sk\/index.php\/wp-json\/wp\/v2\/pages\/6289\/revisions\/7899"}],"wp:attachment":[{"href":"https:\/\/krvam.ekf.tuke.sk\/index.php\/wp-json\/wp\/v2\/media?parent=6289"}],"curies":[{"name":"wp","href":"https:\/\/api.w.org\/{rel}","templated":true}]}}