{"id":6360,"date":"2022-06-02T04:22:53","date_gmt":"2022-06-02T04:22:53","guid":{"rendered":"http:\/\/www4.ekf.tuke.sk\/krvam\/?page_id=6360"},"modified":"2024-07-10T06:22:24","modified_gmt":"2024-07-10T06:22:24","slug":"inzinierske-studium","status":"publish","type":"page","link":"https:\/\/krvam.ekf.tuke.sk\/index.php\/inzinierske-studium\/","title":{"rendered":"In\u017einierske \u0161t\u00fadium"},"content":{"rendered":"[vc_row type=&#8220;full_width_background&#8220; full_screen_row_position=&#8220;middle&#8220; column_margin=&#8220;default&#8220; equal_height=&#8220;yes&#8220; content_placement=&#8220;middle&#8220; column_direction=&#8220;default&#8220; column_direction_tablet=&#8220;default&#8220; column_direction_phone=&#8220;default&#8220; scene_position=&#8220;center&#8220; top_padding=&#8220;3%&#8220; bottom_padding=&#8220;3%&#8220; text_color=&#8220;dark&#8220; text_align=&#8220;left&#8220; row_border_radius=&#8220;none&#8220; row_border_radius_applies=&#8220;bg&#8220; overflow=&#8220;visible&#8220; advanced_gradient_angle=&#8220;0&#8243; overlay_strength=&#8220;0.3&#8243; gradient_direction=&#8220;left_to_right&#8220; shape_divider_position=&#8220;bottom&#8220; bg_image_animation=&#8220;none&#8220; gradient_type=&#8220;default&#8220; shape_type=&#8220;&#8220;][vc_column column_padding=&#8220;padding-2-percent&#8220; column_padding_tablet=&#8220;inherit&#8220; column_padding_phone=&#8220;inherit&#8220; column_padding_position=&#8220;left-right&#8220; top_margin=&#8220;0&#8243; bottom_margin=&#8220;0&#8243; column_element_spacing=&#8220;default&#8220; background_color_opacity=&#8220;1&#8243; background_hover_color_opacity=&#8220;1&#8243; column_shadow=&#8220;none&#8220; column_border_radius=&#8220;none&#8220; column_link_target=&#8220;_self&#8220; column_position=&#8220;default&#8220; advanced_gradient_angle=&#8220;0&#8243; gradient_direction=&#8220;left_to_right&#8220; overlay_strength=&#8220;0.3&#8243; width=&#8220;1\/2&#8243; tablet_width_inherit=&#8220;default&#8220; tablet_text_alignment=&#8220;default&#8220; phone_text_alignment=&#8220;default&#8220; animation_type=&#8220;default&#8220; bg_image_animation=&#8220;none&#8220; border_type=&#8220;simple&#8220; column_border_width=&#8220;none&#8220; column_border_style=&#8220;solid&#8220; gradient_type=&#8220;default&#8220;][image_with_animation image_url=&#8220;6626&#8243; image_size=&#8220;portfolio-thumb_large&#8220; animation_type=&#8220;entrance&#8220; animation=&#8220;Fade In From Left&#8220; hover_animation=&#8220;none&#8220; alignment=&#8220;right&#8220; border_radius=&#8220;none&#8220; box_shadow=&#8220;none&#8220; image_loading=&#8220;default&#8220; max_width=&#8220;150%&#8220; max_width_mobile=&#8220;default&#8220; margin_top=&#8220;0&#8243;][\/vc_column][vc_column column_padding=&#8220;no-extra-padding&#8220; column_padding_tablet=&#8220;inherit&#8220; column_padding_phone=&#8220;inherit&#8220; column_padding_position=&#8220;all&#8220; top_margin=&#8220;12&#8243; column_element_spacing=&#8220;default&#8220; background_color_opacity=&#8220;1&#8243; background_hover_color_opacity=&#8220;1&#8243; column_shadow=&#8220;none&#8220; column_border_radius=&#8220;none&#8220; column_link_target=&#8220;_self&#8220; column_position=&#8220;default&#8220; advanced_gradient_angle=&#8220;0&#8243; gradient_direction=&#8220;left_to_right&#8220; overlay_strength=&#8220;0.3&#8243; width=&#8220;1\/2&#8243; tablet_width_inherit=&#8220;default&#8220; tablet_text_alignment=&#8220;default&#8220; phone_text_alignment=&#8220;default&#8220; animation_type=&#8220;default&#8220; bg_image_animation=&#8220;none&#8220; border_type=&#8220;simple&#8220; column_border_width=&#8220;none&#8220; column_border_style=&#8220;solid&#8220; gradient_type=&#8220;default&#8220;][vc_custom_heading text=&#8220;Ekonomika a mana\u017ement verejnej spr\u00e1vy: pre\u010do \u0161tudova\u0165?&#8220; font_container=&#8220;tag:h3|text_align:left|color:%23a51890&#8243; use_theme_fonts=&#8220;yes&#8220;][divider line_type=&#8220;Small Line&#8220; line_alignment=&#8220;default&#8220; line_thickness=&#8220;8&#8243; divider_color=&#8220;default&#8220; animate=&#8220;yes&#8220; custom_height=&#8220;100&#8243; custom_line_width=&#8220;120&#8243;][vc_column_text css_animation=&#8220;bottom-to-top&#8220; css=&#8220;.vc_custom_1663915868281{padding-right: 10% !important;}&#8220;]\n<ul>\n<li>\n<h5><span style=\"color: #333333;\">Nau\u010d\u00edte sa v praxi ako pou\u017e\u00edva\u0165 met\u00f3dy a techniky n\u00e1rodohospod\u00e1rskych a region\u00e1lnych anal\u00fdz, tvorby programov a projektov, hlavn\u00e9 met\u00f3dy region\u00e1lnej a priestorovej anal\u00fdzy a v\u00fdskumn\u00e9 a \u0161tatistick\u00e9 met\u00f3dy vy\u0161\u0161ej \u00farovne.<\/span><\/h5>\n<\/li>\n<\/ul>\n<h5><span style=\"color: #a51890;\">Ako?\u00a0<\/span><\/h5>\n<ul>\n<li>\n<h5><span style=\"color: #333333;\">Spolupracujeme s in\u0161tit\u00faciami CIKE, KRI, ARR a \u010fal\u0161\u00edmi.<\/span><\/h5>\n<\/li>\n<li>\n<h5><span style=\"color: #333333;\">Nau\u010d\u00edte sa ako rie\u0161i\u0165 praktick\u00e9 probl\u00e9my v kompetencii verejnej spr\u00e1vy v jej vecnej a \u00fazemnej p\u00f4sobnosti.<\/span><\/h5>\n<\/li>\n<li>\n<h5><span style=\"color: #333333;\">Z\u00edskate preh\u013ead o ekonomike, mana\u017emente a financi\u00e1ch \u00fazemnej samospr\u00e1vy.<\/span><\/h5>\n<\/li>\n<li>\n<h5><span style=\"color: #333333;\">Z\u00edskate poznatky o teoretick\u00fdch pr\u00edstupoch a praktickej realiz\u00e1cii strategick\u00e9ho, priestorov\u00e9ho a \u00fazemn\u00e9ho pl\u00e1novania a ove\u013ea viac.<\/span><\/h5>\n<\/li>\n<li>\n<h5><span style=\"color: #333333;\">Zabezpe\u010dujeme praktick\u00e9 predn\u00e1\u0161ky, pr\u00e1ca v ter\u00e9ne, pozvan\u00ed hostia.<\/span><\/h5>\n<\/li>\n<\/ul>\n[\/vc_column_text][\/vc_column][\/vc_row][vc_row type=&#8220;full_width_background&#8220; full_screen_row_position=&#8220;middle&#8220; column_margin=&#8220;default&#8220; equal_height=&#8220;yes&#8220; content_placement=&#8220;middle&#8220; column_direction=&#8220;default&#8220; column_direction_tablet=&#8220;default&#8220; column_direction_phone=&#8220;default&#8220; scene_position=&#8220;center&#8220; top_padding=&#8220;5%&#8220; bottom_padding=&#8220;10%&#8220; text_color=&#8220;dark&#8220; text_align=&#8220;left&#8220; row_border_radius=&#8220;none&#8220; row_border_radius_applies=&#8220;bg&#8220; overflow=&#8220;visible&#8220; overlay_strength=&#8220;0.3&#8243; gradient_direction=&#8220;left_to_right&#8220; shape_divider_position=&#8220;bottom&#8220; bg_image_animation=&#8220;none&#8220;][vc_column column_padding=&#8220;no-extra-padding&#8220; column_padding_tablet=&#8220;inherit&#8220; column_padding_phone=&#8220;inherit&#8220; column_padding_position=&#8220;all&#8220; column_element_spacing=&#8220;default&#8220; background_color_opacity=&#8220;1&#8243; background_hover_color_opacity=&#8220;1&#8243; column_shadow=&#8220;none&#8220; column_border_radius=&#8220;none&#8220; column_link_target=&#8220;_self&#8220; column_position=&#8220;default&#8220; gradient_direction=&#8220;left_to_right&#8220; overlay_strength=&#8220;0.3&#8243; width=&#8220;1\/2&#8243; tablet_width_inherit=&#8220;default&#8220; tablet_text_alignment=&#8220;default&#8220; phone_text_alignment=&#8220;default&#8220; animation_type=&#8220;default&#8220; bg_image_animation=&#8220;none&#8220; border_type=&#8220;simple&#8220; column_border_width=&#8220;none&#8220; column_border_style=&#8220;solid&#8220;][vc_custom_heading text=&#8220;Prepojenie s praxou&#8220; font_container=&#8220;tag:h2|text_align:left|color:%23a51890&#8243; use_theme_fonts=&#8220;yes&#8220;][divider line_type=&#8220;Small Line&#8220; line_alignment=&#8220;default&#8220; line_thickness=&#8220;8&#8243; divider_color=&#8220;default&#8220; animate=&#8220;yes&#8220; custom_height=&#8220;100&#8243; custom_line_width=&#8220;120&#8243;][vc_column_text css_animation=&#8220;bottom-to-top&#8220; css=&#8220;.vc_custom_1663915994802{padding-right: 10% !important;}&#8220;]\n<ul>\n<li>\n<h4><span style=\"color: #333333;\">M\u00f4\u017eete si vysk\u00fa\u0161a\u0165 ako to funguje v praxi.<\/span><\/h4>\n<\/li>\n<li>\n<h4><span style=\"color: #333333;\">Poskytujeme mo\u017enos\u0165 z\u00fa\u010dastni\u0165 sa r\u00f4znych extern\u00fdch prezent\u00e1ci\u00ed projektov, zauj\u00edmav\u00fdch predn\u00e1\u0161ok.<\/span><\/h4>\n<\/li>\n<li>\n<h4><span style=\"color: #333333;\">M\u00f4\u017eete pracova\u0165 na projektoch priamo v ter\u00e9ne.<\/span><\/h4>\n<\/li>\n<li>\n<h4><span style=\"color: #333333;\">Prepojen\u00edm s praxou z\u00edskate sp\u00e4tn\u00fa v\u00e4zbu od autor\u00edt praxe v oblasti region\u00e1lneho rozvoja &#8230;<\/span><\/h4>\n<\/li>\n<\/ul>\n[\/vc_column_text][nectar_btn size=&#8220;small&#8220; open_new_tab=&#8220;true&#8220; button_style=&#8220;see-through&#8220; button_color_2=&#8220;Accent-Color&#8220; color_override=&#8220;#b85596&#8243; icon_family=&#8220;none&#8220; text=&#8220;Dozvedie\u0165 sa viac&#8220; url=&#8220;https:\/\/maisportal.tuke.sk\/portal\/studijneProgramy.mais&#8220;][\/vc_column][vc_column column_padding=&#8220;padding-2-percent&#8220; column_padding_tablet=&#8220;inherit&#8220; column_padding_phone=&#8220;inherit&#8220; column_padding_position=&#8220;left-right&#8220; column_element_spacing=&#8220;default&#8220; background_color_opacity=&#8220;1&#8243; background_hover_color_opacity=&#8220;1&#8243; column_shadow=&#8220;none&#8220; column_border_radius=&#8220;none&#8220; column_link_target=&#8220;_self&#8220; column_position=&#8220;default&#8220; gradient_direction=&#8220;left_to_right&#8220; overlay_strength=&#8220;0.3&#8243; width=&#8220;1\/2&#8243; tablet_width_inherit=&#8220;default&#8220; tablet_text_alignment=&#8220;default&#8220; phone_text_alignment=&#8220;default&#8220; animation_type=&#8220;default&#8220; bg_image_animation=&#8220;none&#8220; border_type=&#8220;simple&#8220; column_border_width=&#8220;none&#8220; column_border_style=&#8220;solid&#8220;][image_with_animation image_url=&#8220;6155&#8243; image_size=&#8220;medium_large&#8220; animation_type=&#8220;entrance&#8220; animation=&#8220;Fade In From Right&#8220; hover_animation=&#8220;none&#8220; alignment=&#8220;&#8220; border_radius=&#8220;none&#8220; box_shadow=&#8220;none&#8220; image_loading=&#8220;default&#8220; max_width=&#8220;175%&#8220; max_width_mobile=&#8220;default&#8220;][\/vc_column][\/vc_row]\n","protected":false},"excerpt":{"rendered":"<p>[vc_row type=&#8220;full_width_background&#8220; full_screen_row_position=&#8220;middle&#8220; column_margin=&#8220;default&#8220; equal_height=&#8220;yes&#8220; content_placement=&#8220;middle&#8220; column_direction=&#8220;default&#8220; column_direction_tablet=&#8220;default&#8220; column_direction_phone=&#8220;default&#8220; scene_position=&#8220;center&#8220;&#8230;<\/p>\n","protected":false},"author":4,"featured_media":0,"parent":0,"menu_order":0,"comment_status":"closed","ping_status":"closed","template":"","meta":{"_monsterinsights_skip_tracking":false,"_monsterinsights_sitenote_active":false,"_monsterinsights_sitenote_note":"","_monsterinsights_sitenote_category":0,"footnotes":""},"class_list":["post-6360","page","type-page","status-publish"],"_links":{"self":[{"href":"https:\/\/krvam.ekf.tuke.sk\/index.php\/wp-json\/wp\/v2\/pages\/6360","targetHints":{"allow":["GET"]}}],"collection":[{"href":"https:\/\/krvam.ekf.tuke.sk\/index.php\/wp-json\/wp\/v2\/pages"}],"about":[{"href":"https:\/\/krvam.ekf.tuke.sk\/index.php\/wp-json\/wp\/v2\/types\/page"}],"author":[{"embeddable":true,"href":"https:\/\/krvam.ekf.tuke.sk\/index.php\/wp-json\/wp\/v2\/users\/4"}],"replies":[{"embeddable":true,"href":"https:\/\/krvam.ekf.tuke.sk\/index.php\/wp-json\/wp\/v2\/comments?post=6360"}],"version-history":[{"count":20,"href":"https:\/\/krvam.ekf.tuke.sk\/index.php\/wp-json\/wp\/v2\/pages\/6360\/revisions"}],"predecessor-version":[{"id":7846,"href":"https:\/\/krvam.ekf.tuke.sk\/index.php\/wp-json\/wp\/v2\/pages\/6360\/revisions\/7846"}],"wp:attachment":[{"href":"https:\/\/krvam.ekf.tuke.sk\/index.php\/wp-json\/wp\/v2\/media?parent=6360"}],"curies":[{"name":"wp","href":"https:\/\/api.w.org\/{rel}","templated":true}]}}