{"id":7900,"date":"2024-07-26T07:02:33","date_gmt":"2024-07-26T07:02:33","guid":{"rendered":"https:\/\/krvam.ekf.tuke.sk\/?page_id=7900"},"modified":"2025-02-04T11:19:12","modified_gmt":"2025-02-04T11:19:12","slug":"investech-projekt","status":"publish","type":"page","link":"https:\/\/krvam.ekf.tuke.sk\/index.php\/investech-projekt\/","title":{"rendered":"INVESTech projekt"},"content":{"rendered":"[vc_row type=&#8220;full_width_background&#8220; full_screen_row_position=&#8220;middle&#8220; column_margin=&#8220;default&#8220; equal_height=&#8220;yes&#8220; content_placement=&#8220;middle&#8220; column_direction=&#8220;default&#8220; column_direction_tablet=&#8220;default&#8220; column_direction_phone=&#8220;default&#8220; bg_color=&#8220;#0a0909&#8243; bg_image=&#8220;https:\/\/source.unsplash.com\/collection\/179646\/daily&#8220; bg_position=&#8220;left top&#8220; background_image_loading=&#8220;default&#8220; bg_repeat=&#8220;no-repeat&#8220; scene_position=&#8220;center&#8220; top_padding=&#8220;10%&#8220; bottom_padding=&#8220;10%&#8220; text_color=&#8220;light&#8220; text_align=&#8220;left&#8220; row_border_radius=&#8220;none&#8220; row_border_radius_applies=&#8220;bg&#8220; overflow=&#8220;visible&#8220; color_overlay=&#8220;#262e38&#8243; overlay_strength=&#8220;0.95&#8243; gradient_direction=&#8220;left_to_right&#8220; shape_divider_position=&#8220;bottom&#8220; bg_image_animation=&#8220;none&#8220;][vc_column column_padding=&#8220;no-extra-padding&#8220; column_padding_tablet=&#8220;inherit&#8220; column_padding_phone=&#8220;inherit&#8220; column_padding_position=&#8220;all&#8220; column_element_spacing=&#8220;default&#8220; background_color_opacity=&#8220;1&#8243; background_hover_color_opacity=&#8220;1&#8243; column_shadow=&#8220;none&#8220; column_border_radius=&#8220;none&#8220; column_link_target=&#8220;_self&#8220; column_position=&#8220;default&#8220; gradient_direction=&#8220;left_to_right&#8220; overlay_strength=&#8220;0.3&#8243; width=&#8220;1\/2&#8243; tablet_width_inherit=&#8220;default&#8220; tablet_text_alignment=&#8220;default&#8220; phone_text_alignment=&#8220;default&#8220; animation_type=&#8220;default&#8220; enable_animation=&#8220;true&#8220; animation=&#8220;flip-in-vertical&#8220; bg_image_animation=&#8220;none&#8220; border_type=&#8220;simple&#8220; column_border_width=&#8220;none&#8220; column_border_style=&#8220;solid&#8220; delay=&#8220;200&#8243;][vc_row_inner column_margin=&#8220;default&#8220; column_direction=&#8220;default&#8220; column_direction_tablet=&#8220;default&#8220; column_direction_phone=&#8220;default&#8220; text_align=&#8220;left&#8220; row_position=&#8220;default&#8220; row_position_tablet=&#8220;inherit&#8220; row_position_phone=&#8220;inherit&#8220; overflow=&#8220;visible&#8220; pointer_events=&#8220;all&#8220;][vc_column_inner column_padding=&#8220;no-extra-padding&#8220; column_padding_tablet=&#8220;padding-4-percent&#8220; column_padding_phone=&#8220;padding-4-percent&#8220; column_padding_position=&#8220;bottom&#8220; column_element_spacing=&#8220;default&#8220; background_color_opacity=&#8220;1&#8243; background_hover_color_opacity=&#8220;1&#8243; column_shadow=&#8220;none&#8220; column_border_radius=&#8220;none&#8220; column_link_target=&#8220;_self&#8220; gradient_direction=&#8220;left_to_right&#8220; overlay_strength=&#8220;0.3&#8243; width=&#8220;1\/1&#8243; tablet_width_inherit=&#8220;default&#8220; animation_type=&#8220;default&#8220; enable_animation=&#8220;true&#8220; animation=&#8220;fade-in-from-bottom&#8220; bg_image_animation=&#8220;none&#8220; border_type=&#8220;simple&#8220; column_border_width=&#8220;none&#8220; column_border_style=&#8220;solid&#8220; delay=&#8220;450&#8243;][nectar_video_lightbox link_style=&#8220;play_button_mouse_follow&#8220; image_url=&#8220;7780&#8243; mouse_indicator_style=&#8220;default&#8220; video_url=&#8220;https:https:\/\/www.youtube.com\/watch?v=5s_-DEznR9c&#8220;][\/vc_column_inner][\/vc_row_inner][nectar_cta btn_style=&#8220;next-section&#8220; btn_type=&#8220;down-arrow-bordered&#8220; next_section_color=&#8220;#ffffff&#8220; next_section_shadow=&#8220;none&#8220; alignment=&#8220;left&#8220; alignment_tablet=&#8220;default&#8220; alignment_phone=&#8220;default&#8220; display_tablet=&#8220;inherit&#8220; display_phone=&#8220;inherit&#8220;][\/vc_column][vc_column column_padding=&#8220;padding-6-percent&#8220; column_padding_tablet=&#8220;inherit&#8220; column_padding_phone=&#8220;inherit&#8220; column_padding_position=&#8220;all&#8220; column_element_spacing=&#8220;default&#8220; background_color=&#8220;#a51890&#8243; background_color_opacity=&#8220;1&#8243; background_hover_color_opacity=&#8220;1&#8243; font_color=&#8220;#ffffff&#8220; column_shadow=&#8220;small_depth&#8220; column_border_radius=&#8220;none&#8220; column_link_target=&#8220;_self&#8220; column_position=&#8220;default&#8220; advanced_gradient_angle=&#8220;0&#8243; gradient_direction=&#8220;left_to_right&#8220; overlay_strength=&#8220;0.3&#8243; width=&#8220;1\/2&#8243; tablet_width_inherit=&#8220;default&#8220; tablet_text_alignment=&#8220;default&#8220; phone_text_alignment=&#8220;default&#8220; animation_type=&#8220;default&#8220; enable_animation=&#8220;true&#8220; animation=&#8220;flip-in-vertical&#8220; bg_image_animation=&#8220;none&#8220; border_type=&#8220;simple&#8220; column_border_width=&#8220;none&#8220; column_border_style=&#8220;solid&#8220; gradient_type=&#8220;default&#8220;][vc_custom_heading text=&#8220;Innovation Vocational Excellence and Sustainability in Tech&#8220; font_container=&#8220;tag:h2|font_size:26|text_align:left|color:%23ffffff|line_height:36px&#8220; google_fonts=&#8220;font_family:Roboto%3A100%2C100italic%2C300%2C300italic%2Cregular%2Citalic%2C500%2C500italic%2C700%2C700italic%2C900%2C900italic|font_style:400%20regular%3A400%3Anormal&#8220;][divider line_type=&#8220;No Line&#8220; custom_height=&#8220;20&#8243;][heading]\n<h6>Rok za\u010diatku rie\u0161enia projektu: 2024<\/h6>\n<h6>Rok skon\u010denia rie\u0161enia projektu: 2028<\/h6>\n<h6>Poskytovate\u013e finan\u010dn\u00fdch prostriedkov (grantov\u00e1 agent\u00fara, objedn\u00e1vate\u013e: Eur\u00f3pska komisia<\/h6>\n<h6>Registra\u010dn\u00e9 \u010d\u00edslo projektu: 101143958;<\/h6>\n<h6>ERASMUS-EDU-2023-PEX-COVE<\/h6>\n<h6>Koordin\u00e1torka: doc. Ing. Nata\u0161a Urban\u010d\u00edkov\u00e1, PhD.<\/h6>\n[\/heading][\/vc_column][\/vc_row][vc_row type=&#8220;full_width_background&#8220; full_screen_row_position=&#8220;middle&#8220; column_margin=&#8220;default&#8220; column_direction=&#8220;default&#8220; column_direction_tablet=&#8220;default&#8220; column_direction_phone=&#8220;default&#8220; bg_color=&#8220;#f9f9f9&#8243; scene_position=&#8220;center&#8220; top_padding=&#8220;5%&#8220; text_color=&#8220;dark&#8220; text_align=&#8220;left&#8220; row_border_radius=&#8220;none&#8220; row_border_radius_applies=&#8220;bg&#8220; overflow=&#8220;visible&#8220; overlay_strength=&#8220;0.3&#8243; gradient_direction=&#8220;left_to_right&#8220; shape_divider_position=&#8220;bottom&#8220; bg_image_animation=&#8220;none&#8220;][vc_column column_padding=&#8220;padding-1-percent&#8220; column_padding_tablet=&#8220;inherit&#8220; column_padding_phone=&#8220;inherit&#8220; column_padding_position=&#8220;all&#8220; column_element_spacing=&#8220;default&#8220; background_color_opacity=&#8220;1&#8243; background_hover_color_opacity=&#8220;1&#8243; column_shadow=&#8220;none&#8220; column_border_radius=&#8220;none&#8220; column_link_target=&#8220;_self&#8220; column_position=&#8220;default&#8220; gradient_direction=&#8220;left_to_right&#8220; overlay_strength=&#8220;0.3&#8243; width=&#8220;1\/1&#8243; tablet_width_inherit=&#8220;default&#8220; tablet_text_alignment=&#8220;default&#8220; phone_text_alignment=&#8220;default&#8220; animation_type=&#8220;default&#8220; bg_image_animation=&#8220;none&#8220; border_type=&#8220;simple&#8220; column_border_width=&#8220;none&#8220; column_border_style=&#8220;solid&#8220;][vc_column_text]\n<h2><span style=\"color: #a51890;\">O projekte<\/span><\/h2>\n[\/vc_column_text][\/vc_column][\/vc_row][vc_row type=&#8220;full_width_background&#8220; full_screen_row_position=&#8220;middle&#8220; column_margin=&#8220;default&#8220; column_direction=&#8220;default&#8220; column_direction_tablet=&#8220;default&#8220; column_direction_phone=&#8220;default&#8220; bg_color=&#8220;#f9f9f9&#8243; scene_position=&#8220;center&#8220; bottom_padding=&#8220;4%&#8220; text_color=&#8220;dark&#8220; text_align=&#8220;left&#8220; row_border_radius=&#8220;none&#8220; row_border_radius_applies=&#8220;bg&#8220; overflow=&#8220;visible&#8220; overlay_strength=&#8220;0.3&#8243; gradient_direction=&#8220;left_to_right&#8220; shape_divider_position=&#8220;bottom&#8220; bg_image_animation=&#8220;none&#8220;][vc_column column_padding=&#8220;padding-1-percent&#8220; column_padding_tablet=&#8220;inherit&#8220; column_padding_phone=&#8220;inherit&#8220; column_padding_position=&#8220;all&#8220; column_element_spacing=&#8220;default&#8220; background_color_opacity=&#8220;1&#8243; background_hover_color_opacity=&#8220;1&#8243; column_shadow=&#8220;none&#8220; column_border_radius=&#8220;none&#8220; column_link_target=&#8220;_self&#8220; column_position=&#8220;default&#8220; advanced_gradient_angle=&#8220;0&#8243; gradient_direction=&#8220;left_to_right&#8220; overlay_strength=&#8220;0.3&#8243; width=&#8220;1\/3&#8243; tablet_width_inherit=&#8220;default&#8220; tablet_text_alignment=&#8220;default&#8220; phone_text_alignment=&#8220;default&#8220; animation_type=&#8220;default&#8220; bg_image_animation=&#8220;none&#8220; border_type=&#8220;simple&#8220; column_border_width=&#8220;none&#8220; column_border_style=&#8220;solid&#8220; gradient_type=&#8220;default&#8220;][vc_column_text]<strong>Ciele projektu<\/strong><\/p>\n<p>Projekt INVESTEch m\u00e1 za cie\u013e:<\/p>\n<ol>\n<li>u\u013eah\u010dova\u0165 rozvoj zru\u010dnost\u00ed a vyu\u017e\u00edvanie inovat\u00edvnych technol\u00f3gi\u00ed<\/li>\n<li>podporova\u0165 zelen\u00fa transform\u00e1ciu a soci\u00e1lnu inkl\u00faziu<\/li>\n<li>poskytova\u0165 pr\u00edle\u017eitosti na medzin\u00e1rodn\u00fa spolupr\u00e1cu a v\u00fdmenu osved\u010den\u00fdch postupov.<\/li>\n<li>vytvori\u0165 CoVE v piatich eur\u00f3pskych regi\u00f3noch za\u010dlenen\u00edm r\u00e1mca Quintuple Innovation Helix (Q2IH)<\/li>\n<\/ol>\n[\/vc_column_text][vc_column_text]<strong>V\u00fdstupy projektu<\/strong><\/p>\n<p><a href=\"http:\/\/krvam.ekf.tuke.sk\/wp-content\/uploads\/2024\/07\/InvestTech-Newsletter-1-SK.pdf\">Newsletter projektu \u010d. 1 \/ j\u00fan 2024: Inov\u00e1cie a odborn\u00e1 excelentnos\u0165 v IKT<\/a><\/p>\n<p><a href=\"https:\/\/krvam.ekf.tuke.sk\/index.php\/2025\/02\/04\/newsletter-c-2-investech\/\" target=\"_blank\" rel=\"noopener\">Newsletter projektu \u010d. 2 \/ febru\u00e1r 2025: Inov\u00e1cie a odborn\u00e1 excelentnos\u0165 v IKT<\/a>[\/vc_column_text][vc_row_inner column_margin=&#8220;default&#8220; column_direction=&#8220;default&#8220; column_direction_tablet=&#8220;default&#8220; column_direction_phone=&#8220;default&#8220; text_align=&#8220;left&#8220; row_position=&#8220;default&#8220; row_position_tablet=&#8220;inherit&#8220; row_position_phone=&#8220;inherit&#8220; overflow=&#8220;visible&#8220; pointer_events=&#8220;all&#8220;][vc_column_inner column_padding=&#8220;no-extra-padding&#8220; column_padding_tablet=&#8220;inherit&#8220; column_padding_phone=&#8220;inherit&#8220; column_padding_position=&#8220;all&#8220; column_element_spacing=&#8220;default&#8220; background_color_opacity=&#8220;1&#8243; background_hover_color_opacity=&#8220;1&#8243; column_shadow=&#8220;none&#8220; column_border_radius=&#8220;none&#8220; column_link_target=&#8220;_self&#8220; gradient_direction=&#8220;left_to_right&#8220; overlay_strength=&#8220;0.3&#8243; width=&#8220;1\/1&#8243; tablet_width_inherit=&#8220;default&#8220; animation_type=&#8220;default&#8220; bg_image_animation=&#8220;none&#8220; border_type=&#8220;simple&#8220; column_border_width=&#8220;none&#8220; column_border_style=&#8220;solid&#8220;][image_with_animation image_url=&#8220;7745&#8243; image_size=&#8220;medium&#8220; animation_type=&#8220;entrance&#8220; animation=&#8220;Fade In&#8220; hover_animation=&#8220;none&#8220; alignment=&#8220;&#8220; border_radius=&#8220;none&#8220; box_shadow=&#8220;none&#8220; image_loading=&#8220;default&#8220; max_width=&#8220;100%&#8220; max_width_mobile=&#8220;default&#8220;][\/vc_column_inner][\/vc_row_inner][\/vc_column][vc_column column_padding=&#8220;padding-1-percent&#8220; column_padding_tablet=&#8220;inherit&#8220; column_padding_phone=&#8220;inherit&#8220; column_padding_position=&#8220;all&#8220; column_element_spacing=&#8220;default&#8220; background_color_opacity=&#8220;1&#8243; background_hover_color_opacity=&#8220;1&#8243; column_shadow=&#8220;none&#8220; column_border_radius=&#8220;none&#8220; column_link_target=&#8220;_self&#8220; column_position=&#8220;default&#8220; gradient_direction=&#8220;left_to_right&#8220; overlay_strength=&#8220;0.3&#8243; width=&#8220;1\/3&#8243; tablet_width_inherit=&#8220;default&#8220; tablet_text_alignment=&#8220;default&#8220; phone_text_alignment=&#8220;default&#8220; animation_type=&#8220;default&#8220; bg_image_animation=&#8220;none&#8220; border_type=&#8220;simple&#8220; column_border_width=&#8220;none&#8220; column_border_style=&#8220;solid&#8220;][vc_column_text]<strong>Projektov\u00e9 aktivity<\/strong><\/p>\n<p>R\u00fdchly pokrok a neust\u00e1le sa meniace prostredie v sektore informa\u010dno-komunika\u010dn\u00fdch technol\u00f3gi\u00ed (IKT) vytv\u00e1ra siln\u00fd tlak na rozvoj nov\u00fdch zru\u010dnost\u00ed a\u00a0inov\u00e1ci\u00ed. S\u00fa\u010dasn\u00e9 programy odborn\u00e9ho vzdel\u00e1vania a pr\u00edpravy v\u0161ak \u010dasto nedok\u00e1\u017eu dr\u017ea\u0165 krok s t\u00fdmito zmenami a nie v\u017edy poskytuj\u00fa \u0161tudentom zru\u010dnosti a mo\u017enosti potrebn\u00e9 na \u00faspech v tomto sektore.<\/p>\n<p>Projekt INVESTech (Innovation Vocational Excellence and Sustainability in Tech, 101143958; ERASMUS-EDU-2023-PEX-COVE) m\u00e1 za cie\u013e podpori\u0165 inova\u010dn\u00fd potenci\u00e1l odborn\u00e9ho vzdel\u00e1vania a pr\u00edpravy v partnersk\u00fdch krajin\u00e1ch uplatnen\u00edm r\u00e1mca Quintuple Helix \u2013 posil\u0148ovan\u00edm partnerstiev medzi akademickou obcou, priemyslom, verejn\u00fdm sektorom, ob\u010dianskou spolo\u010dnos\u0165ou a \u017eivotn\u00fdm prostred\u00edm.<\/p>\n<p>V r\u00e1mci projektu bude vytvoren\u00e1 nadn\u00e1rodn\u00e1 platforma pre spolupr\u00e1cu centier odbornej excelentnosti (CoVE) v oblasti IKT v piatich eur\u00f3pskych regi\u00f3noch: Ko\u0161ice na Slovensku, Attica v Gr\u00e9cku, Sofia v Bulharsku, Nik\u00f3zia na Cypre a Klaipeda v Litve.[\/vc_column_text][vc_column_text]Link na viac inform\u00e1ci\u00ed o\u00a0projekte:<\/p>\n<p><a href=\"https:\/\/investech-cove.eu\/\">www.investech-cove.eu<\/a><\/p>\n<p>https:\/\/www.youtube.com\/watch?v=5s_-DEznR9c[\/vc_column_text][\/vc_column][vc_column column_padding=&#8220;padding-1-percent&#8220; column_padding_tablet=&#8220;inherit&#8220; column_padding_phone=&#8220;inherit&#8220; column_padding_position=&#8220;all&#8220; column_element_spacing=&#8220;default&#8220; background_color_opacity=&#8220;1&#8243; background_hover_color_opacity=&#8220;1&#8243; column_shadow=&#8220;none&#8220; column_border_radius=&#8220;none&#8220; column_link_target=&#8220;_self&#8220; column_position=&#8220;default&#8220; gradient_direction=&#8220;left_to_right&#8220; overlay_strength=&#8220;0.3&#8243; width=&#8220;1\/3&#8243; tablet_width_inherit=&#8220;default&#8220; tablet_text_alignment=&#8220;default&#8220; phone_text_alignment=&#8220;default&#8220; animation_type=&#8220;default&#8220; bg_image_animation=&#8220;none&#8220; border_type=&#8220;simple&#8220; column_border_width=&#8220;none&#8220; column_border_style=&#8220;solid&#8220;][vc_column_text css=&#8220;.vc_custom_1721976777081{border-top-width: 2px !important;border-right-width: 2px !important;border-bottom-width: 2px !important;border-left-width: 2px !important;padding-top: 40px !important;padding-right: 40px !important;padding-bottom: 40px !important;padding-left: 40px !important;border-left-color: #0a0a0a !important;border-left-style: solid !important;border-right-color: #0a0a0a !important;border-right-style: solid !important;border-top-color: #0a0a0a !important;border-top-style: solid !important;border-bottom-color: #0a0a0a !important;border-bottom-style: solid !important;}&#8220;]<strong>Innovation Vocational Excellence and Sustainability in Tech (INVESTech)<\/strong><\/p>\n<p><strong>\u00a0<\/strong>[\/vc_column_text][vc_column_text css=&#8220;.vc_custom_1721987431455{border-top-width: 2px !important;border-right-width: 2px !important;border-bottom-width: 2px !important;border-left-width: 2px !important;padding-top: 40px !important;padding-right: 40px !important;padding-bottom: 40px !important;padding-left: 40px !important;border-left-color: #0a0a0a !important;border-left-style: solid !important;border-right-color: #0a0a0a !important;border-right-style: solid !important;border-top-color: #0a0a0a !important;border-top-style: solid !important;border-bottom-color: #0a0a0a !important;border-bottom-style: solid !important;}&#8220;]\n<h4><span style=\"color: #a51890;\">Projektov\u00e9 konzorcium<\/span><\/h4>\n<p>Na projekte spolupracuje 18 partnerov z\u00a0piatich kraj\u00edn (Slovensko, Gr\u00e9cko, Cyprus, Bulharsko a\u00a0Litva). Technick\u00e1 univerzita v\u00a0Ko\u0161iciach je koordin\u00e1torom projektu. Projekt sa realizuje vo vz\u00e1jomnej spolupr\u00e1ci Ekonomickej fakulty\u00a0 a\u00a0Fakulty elektrotechniky a\u00a0informatiky.[\/vc_column_text][vc_column_text css=&#8220;.vc_custom_1721976718811{border-top-width: 2px !important;border-right-width: 2px !important;border-bottom-width: 2px !important;border-left-width: 2px !important;padding-top: 40px !important;padding-right: 40px !important;padding-bottom: 40px !important;padding-left: 40px !important;border-left-color: #0a0a0a !important;border-left-style: solid !important;border-right-color: #0a0a0a !important;border-right-style: solid !important;border-top-color: #0a0a0a !important;border-top-style: solid !important;border-bottom-color: #0a0a0a !important;border-bottom-style: solid !important;}&#8220;]V pr\u00edpade z\u00e1ujmu o \u010fal\u0161ie inform\u00e1cie kontaktujte: <a href=\"mailto:natasa.urbancikova@tuke.sk\">natasa.urbancikova@tuke.sk<\/a>[\/vc_column_text][\/vc_column][\/vc_row][vc_row type=&#8220;in_container&#8220; full_screen_row_position=&#8220;middle&#8220; column_margin=&#8220;default&#8220; column_direction=&#8220;default&#8220; column_direction_tablet=&#8220;default&#8220; column_direction_phone=&#8220;default&#8220; scene_position=&#8220;center&#8220; text_color=&#8220;dark&#8220; text_align=&#8220;left&#8220; row_border_radius=&#8220;none&#8220; row_border_radius_applies=&#8220;bg&#8220; overflow=&#8220;visible&#8220; overlay_strength=&#8220;0.3&#8243; gradient_direction=&#8220;left_to_right&#8220; shape_divider_position=&#8220;bottom&#8220; bg_image_animation=&#8220;none&#8220;][vc_column column_padding=&#8220;no-extra-padding&#8220; column_padding_tablet=&#8220;inherit&#8220; column_padding_phone=&#8220;inherit&#8220; column_padding_position=&#8220;all&#8220; column_element_spacing=&#8220;default&#8220; background_color_opacity=&#8220;1&#8243; background_hover_color_opacity=&#8220;1&#8243; column_shadow=&#8220;none&#8220; column_border_radius=&#8220;none&#8220; column_link_target=&#8220;_self&#8220; column_position=&#8220;default&#8220; gradient_direction=&#8220;left_to_right&#8220; overlay_strength=&#8220;0.3&#8243; width=&#8220;1\/1&#8243; tablet_width_inherit=&#8220;default&#8220; tablet_text_alignment=&#8220;default&#8220; phone_text_alignment=&#8220;default&#8220; animation_type=&#8220;default&#8220; bg_image_animation=&#8220;none&#8220; border_type=&#8220;simple&#8220; column_border_width=&#8220;none&#8220; column_border_style=&#8220;solid&#8220;][nectar_blog layout=&#8220;masonry-blog-fullwidth&#8220; blog_masonry_style=&#8220;material&#8220; load_in_animation=&#8220;fade_in&#8220; category=&#8220;investech&#8220; order=&#8220;DESC&#8220; orderby=&#8220;date&#8220; posts_per_page=&#8220;10&#8243;][\/vc_column][\/vc_row]\n","protected":false},"excerpt":{"rendered":"<p>[vc_row type=&#8220;full_width_background&#8220; full_screen_row_position=&#8220;middle&#8220; column_margin=&#8220;default&#8220; equal_height=&#8220;yes&#8220; content_placement=&#8220;middle&#8220; column_direction=&#8220;default&#8220; column_direction_tablet=&#8220;default&#8220; column_direction_phone=&#8220;default&#8220; bg_color=&#8220;#0a0909&#8243;&#8230;<\/p>\n","protected":false},"author":4,"featured_media":0,"parent":0,"menu_order":0,"comment_status":"closed","ping_status":"closed","template":"","meta":{"_monsterinsights_skip_tracking":false,"_monsterinsights_sitenote_active":false,"_monsterinsights_sitenote_note":"","_monsterinsights_sitenote_category":0,"footnotes":""},"class_list":["post-7900","page","type-page","status-publish"],"_links":{"self":[{"href":"https:\/\/krvam.ekf.tuke.sk\/index.php\/wp-json\/wp\/v2\/pages\/7900","targetHints":{"allow":["GET"]}}],"collection":[{"href":"https:\/\/krvam.ekf.tuke.sk\/index.php\/wp-json\/wp\/v2\/pages"}],"about":[{"href":"https:\/\/krvam.ekf.tuke.sk\/index.php\/wp-json\/wp\/v2\/types\/page"}],"author":[{"embeddable":true,"href":"https:\/\/krvam.ekf.tuke.sk\/index.php\/wp-json\/wp\/v2\/users\/4"}],"replies":[{"embeddable":true,"href":"https:\/\/krvam.ekf.tuke.sk\/index.php\/wp-json\/wp\/v2\/comments?post=7900"}],"version-history":[{"count":14,"href":"https:\/\/krvam.ekf.tuke.sk\/index.php\/wp-json\/wp\/v2\/pages\/7900\/revisions"}],"predecessor-version":[{"id":8812,"href":"https:\/\/krvam.ekf.tuke.sk\/index.php\/wp-json\/wp\/v2\/pages\/7900\/revisions\/8812"}],"wp:attachment":[{"href":"https:\/\/krvam.ekf.tuke.sk\/index.php\/wp-json\/wp\/v2\/media?parent=7900"}],"curies":[{"name":"wp","href":"https:\/\/api.w.org\/{rel}","templated":true}]}}