{"id":8468,"date":"2024-07-26T07:02:33","date_gmt":"2024-07-26T07:02:33","guid":{"rendered":"https:\/\/krvam.ekf.tuke.sk\/index.php\/investech-projekt\/"},"modified":"2025-01-24T09:39:20","modified_gmt":"2025-01-24T09:39:20","slug":"investech-projekt","status":"publish","type":"page","link":"https:\/\/krvam.ekf.tuke.sk\/index.php\/investech-projekt\/?lang=en","title":{"rendered":"INVESTech project"},"content":{"rendered":"[vc_row type=&#8220;full_width_background&#8220; full_screen_row_position=&#8220;middle&#8220; column_margin=&#8220;default&#8220; equal_height=&#8220;yes&#8220; content_placement=&#8220;middle&#8220; column_direction=&#8220;default&#8220; column_direction_tablet=&#8220;default&#8220; column_direction_phone=&#8220;default&#8220; bg_color=&#8220;#0a0909&#8243; bg_image=&#8220;https:\/\/source.unsplash.com\/collection\/179646\/daily&#8220; bg_position=&#8220;left top&#8220; background_image_loading=&#8220;default&#8220; bg_repeat=&#8220;no-repeat&#8220; scene_position=&#8220;center&#8220; top_padding=&#8220;10%&#8220; bottom_padding=&#8220;10%&#8220; text_color=&#8220;light&#8220; text_align=&#8220;left&#8220; row_border_radius=&#8220;none&#8220; row_border_radius_applies=&#8220;bg&#8220; overflow=&#8220;visible&#8220; color_overlay=&#8220;#262e38&#8243; overlay_strength=&#8220;0.95&#8243; gradient_direction=&#8220;left_to_right&#8220; shape_divider_position=&#8220;bottom&#8220; bg_image_animation=&#8220;none&#8220;][vc_column column_padding=&#8220;no-extra-padding&#8220; column_padding_tablet=&#8220;inherit&#8220; column_padding_phone=&#8220;inherit&#8220; column_padding_position=&#8220;all&#8220; column_element_spacing=&#8220;default&#8220; background_color_opacity=&#8220;1&#8243; background_hover_color_opacity=&#8220;1&#8243; column_shadow=&#8220;none&#8220; column_border_radius=&#8220;none&#8220; column_link_target=&#8220;_self&#8220; column_position=&#8220;default&#8220; gradient_direction=&#8220;left_to_right&#8220; overlay_strength=&#8220;0.3&#8243; width=&#8220;1\/2&#8243; tablet_width_inherit=&#8220;default&#8220; tablet_text_alignment=&#8220;default&#8220; phone_text_alignment=&#8220;default&#8220; animation_type=&#8220;default&#8220; enable_animation=&#8220;true&#8220; animation=&#8220;flip-in-vertical&#8220; bg_image_animation=&#8220;none&#8220; border_type=&#8220;simple&#8220; column_border_width=&#8220;none&#8220; column_border_style=&#8220;solid&#8220; delay=&#8220;200&#8243;][image_with_animation image_url=&#8220;7780&#8243; image_size=&#8220;full&#8220; animation_type=&#8220;entrance&#8220; animation=&#8220;Fade In&#8220; hover_animation=&#8220;none&#8220; alignment=&#8220;&#8220; border_radius=&#8220;none&#8220; box_shadow=&#8220;none&#8220; image_loading=&#8220;default&#8220; max_width=&#8220;100%&#8220; max_width_mobile=&#8220;default&#8220;][nectar_cta btn_style=&#8220;next-section&#8220; btn_type=&#8220;down-arrow-bordered&#8220; next_section_color=&#8220;#ffffff&#8220; next_section_shadow=&#8220;none&#8220; alignment=&#8220;left&#8220; alignment_tablet=&#8220;default&#8220; alignment_phone=&#8220;default&#8220; display_tablet=&#8220;inherit&#8220; display_phone=&#8220;inherit&#8220;][\/vc_column][vc_column column_padding=&#8220;padding-6-percent&#8220; column_padding_tablet=&#8220;inherit&#8220; column_padding_phone=&#8220;inherit&#8220; column_padding_position=&#8220;all&#8220; column_element_spacing=&#8220;default&#8220; background_color=&#8220;#a51890&#8243; background_color_opacity=&#8220;1&#8243; background_hover_color_opacity=&#8220;1&#8243; font_color=&#8220;#ffffff&#8220; column_shadow=&#8220;small_depth&#8220; column_border_radius=&#8220;none&#8220; column_link_target=&#8220;_self&#8220; column_position=&#8220;default&#8220; advanced_gradient_angle=&#8220;0&#8243; gradient_direction=&#8220;left_to_right&#8220; overlay_strength=&#8220;0.3&#8243; width=&#8220;1\/2&#8243; tablet_width_inherit=&#8220;default&#8220; tablet_text_alignment=&#8220;default&#8220; phone_text_alignment=&#8220;default&#8220; animation_type=&#8220;default&#8220; enable_animation=&#8220;true&#8220; animation=&#8220;flip-in-vertical&#8220; bg_image_animation=&#8220;none&#8220; border_type=&#8220;simple&#8220; column_border_width=&#8220;none&#8220; column_border_style=&#8220;solid&#8220; gradient_type=&#8220;default&#8220;][vc_custom_heading text=&#8220;Innovation Vocational Excellence and Sustainability in Tech&#8220; font_container=&#8220;tag:h2|font_size:26|text_align:left|color:%23ffffff|line_height:36px&#8220; google_fonts=&#8220;font_family:Roboto%3A100%2C100italic%2C300%2C300italic%2Cregular%2Citalic%2C500%2C500italic%2C700%2C700italic%2C900%2C900italic|font_style:400%20regular%3A400%3Anormal&#8220;][divider line_type=&#8220;No Line&#8220; custom_height=&#8220;20&#8243;][heading]\n<h5>Coordinator: Associate Professor Nata\u0161a Urban\u010d\u00edkov\u00e1<\/h5>\n<h5>Duration: 2024-2028<\/h5>\n<h5>Funding: European Commission<\/h5>\n<h5>Website: www.investech-cove.eu<\/h5>\n<h5>Project number: 101143958<\/h5>\n[\/heading][\/vc_column][\/vc_row][vc_row type=&#8220;full_width_background&#8220; full_screen_row_position=&#8220;middle&#8220; column_margin=&#8220;default&#8220; column_direction=&#8220;default&#8220; column_direction_tablet=&#8220;default&#8220; column_direction_phone=&#8220;default&#8220; bg_color=&#8220;#f9f9f9&#8243; scene_position=&#8220;center&#8220; top_padding=&#8220;5%&#8220; text_color=&#8220;dark&#8220; text_align=&#8220;left&#8220; row_border_radius=&#8220;none&#8220; row_border_radius_applies=&#8220;bg&#8220; overflow=&#8220;visible&#8220; overlay_strength=&#8220;0.3&#8243; gradient_direction=&#8220;left_to_right&#8220; shape_divider_position=&#8220;bottom&#8220; bg_image_animation=&#8220;none&#8220;][vc_column column_padding=&#8220;padding-1-percent&#8220; column_padding_tablet=&#8220;inherit&#8220; column_padding_phone=&#8220;inherit&#8220; column_padding_position=&#8220;all&#8220; column_element_spacing=&#8220;default&#8220; background_color_opacity=&#8220;1&#8243; background_hover_color_opacity=&#8220;1&#8243; column_shadow=&#8220;none&#8220; column_border_radius=&#8220;none&#8220; column_link_target=&#8220;_self&#8220; column_position=&#8220;default&#8220; gradient_direction=&#8220;left_to_right&#8220; overlay_strength=&#8220;0.3&#8243; width=&#8220;1\/1&#8243; tablet_width_inherit=&#8220;default&#8220; tablet_text_alignment=&#8220;default&#8220; phone_text_alignment=&#8220;default&#8220; animation_type=&#8220;default&#8220; bg_image_animation=&#8220;none&#8220; border_type=&#8220;simple&#8220; column_border_width=&#8220;none&#8220; column_border_style=&#8220;solid&#8220;][vc_column_text]\n<h2><span style=\"color: #a51890;\">About the project<br \/>\n<\/span><\/h2>\n[\/vc_column_text][\/vc_column][\/vc_row][vc_row type=&#8220;full_width_background&#8220; full_screen_row_position=&#8220;middle&#8220; column_margin=&#8220;default&#8220; column_direction=&#8220;default&#8220; column_direction_tablet=&#8220;default&#8220; column_direction_phone=&#8220;default&#8220; bg_color=&#8220;#f9f9f9&#8243; scene_position=&#8220;center&#8220; bottom_padding=&#8220;4%&#8220; text_color=&#8220;dark&#8220; text_align=&#8220;left&#8220; row_border_radius=&#8220;none&#8220; row_border_radius_applies=&#8220;bg&#8220; overflow=&#8220;visible&#8220; overlay_strength=&#8220;0.3&#8243; gradient_direction=&#8220;left_to_right&#8220; shape_divider_position=&#8220;bottom&#8220; bg_image_animation=&#8220;none&#8220;][vc_column column_padding=&#8220;padding-1-percent&#8220; column_padding_tablet=&#8220;inherit&#8220; column_padding_phone=&#8220;inherit&#8220; column_padding_position=&#8220;all&#8220; column_element_spacing=&#8220;default&#8220; background_color_opacity=&#8220;1&#8243; background_hover_color_opacity=&#8220;1&#8243; column_shadow=&#8220;none&#8220; column_border_radius=&#8220;none&#8220; column_link_target=&#8220;_self&#8220; column_position=&#8220;default&#8220; advanced_gradient_angle=&#8220;0&#8243; gradient_direction=&#8220;left_to_right&#8220; overlay_strength=&#8220;0.3&#8243; width=&#8220;1\/3&#8243; tablet_width_inherit=&#8220;default&#8220; tablet_text_alignment=&#8220;default&#8220; phone_text_alignment=&#8220;default&#8220; animation_type=&#8220;default&#8220; bg_image_animation=&#8220;none&#8220; border_type=&#8220;simple&#8220; column_border_width=&#8220;none&#8220; column_border_style=&#8220;solid&#8220; gradient_type=&#8220;default&#8220;][vc_column_text]<strong>Project aims<br \/>\n<\/strong><\/p>\n<p>The INVESTEch project aims to:<\/p>\n<ul>\n<li>Facilitate skills development and the use of innovative technology.<\/li>\n<li>Promote green transition and social inclusion.<\/li>\n<li>Provide opportunities for international collaboration and the exchange of best practices.<\/li>\n<li>creation of CoVEs in five European regions by incorporating the Quintuple Innovation Helix (Q2IH) Framework<\/li>\n<\/ul>\n[\/vc_column_text][vc_column_text]<strong>Outcomes of the project<br \/>\n<\/strong><\/p>\n<p><a href=\"http:\/\/krvam.ekf.tuke.sk\/wp-content\/uploads\/2024\/07\/InvestTech-Newsletter-1-SK.pdf\">Newsletter projektu \u010d. 1 \/ j\u00fan 2024: Inov\u00e1cie a odborn\u00e1 excelentnos\u0165 v IKT<\/a>[\/vc_column_text][\/vc_column][vc_column column_padding=&#8220;padding-1-percent&#8220; column_padding_tablet=&#8220;inherit&#8220; column_padding_phone=&#8220;inherit&#8220; column_padding_position=&#8220;all&#8220; column_element_spacing=&#8220;default&#8220; background_color_opacity=&#8220;1&#8243; background_hover_color_opacity=&#8220;1&#8243; column_shadow=&#8220;none&#8220; column_border_radius=&#8220;none&#8220; column_link_target=&#8220;_self&#8220; column_position=&#8220;default&#8220; gradient_direction=&#8220;left_to_right&#8220; overlay_strength=&#8220;0.3&#8243; width=&#8220;1\/3&#8243; tablet_width_inherit=&#8220;default&#8220; tablet_text_alignment=&#8220;default&#8220; phone_text_alignment=&#8220;default&#8220; animation_type=&#8220;default&#8220; bg_image_animation=&#8220;none&#8220; border_type=&#8220;simple&#8220; column_border_width=&#8220;none&#8220; column_border_style=&#8220;solid&#8220;][vc_column_text]<strong>Project activities<br \/>\n<\/strong><\/p>\n<p>The rapid progress and ever-changing environment in the information and communication technology (ICT) sector is creating strong pressure for the development of new skills and innovation. However, current vocational education and training programmes often fail to keep pace with these changes and do not always provide students with the skills and opportunities needed to succeed in this sector.<\/p>\n<p>The INVESTech project (Innovation Vocational Excellence and Sustainability in Tech, 101143958; ERASMUS-EDU-2023-PEX-COVE) aims to support the innovation potential of VET in partner countries by applying the Quintuple Helix framework &#8211; strengthening partnerships between academia, industry, public sector, civil society and natural environment.<\/p>\n<p>The project will establish a transnational platform for the cooperation of Centres of Vocational Excellence (CoVE) in the field of ICT in five European regions: Ko\u0161ice in Slovakia, Attica in Greece, Sofia in Bulgaria, Nicosia in Cyprus and Klaipeda in Lithuania.<\/p>\n[\/vc_column_text][vc_column_text]For more information about project:<\/p>\n<p><a href=\"https:\/\/investech-cove.eu\/\">www.investech-cove.eu<\/a>[\/vc_column_text][image_with_animation image_url=&#8220;7745&#8243; image_size=&#8220;medium&#8220; animation_type=&#8220;entrance&#8220; animation=&#8220;Fade In&#8220; hover_animation=&#8220;none&#8220; alignment=&#8220;&#8220; border_radius=&#8220;none&#8220; box_shadow=&#8220;none&#8220; image_loading=&#8220;default&#8220; max_width=&#8220;100%&#8220; max_width_mobile=&#8220;default&#8220;][\/vc_column][vc_column column_padding=&#8220;padding-1-percent&#8220; column_padding_tablet=&#8220;inherit&#8220; column_padding_phone=&#8220;inherit&#8220; column_padding_position=&#8220;all&#8220; column_element_spacing=&#8220;default&#8220; background_color_opacity=&#8220;1&#8243; background_hover_color_opacity=&#8220;1&#8243; column_shadow=&#8220;none&#8220; column_border_radius=&#8220;none&#8220; column_link_target=&#8220;_self&#8220; column_position=&#8220;default&#8220; gradient_direction=&#8220;left_to_right&#8220; overlay_strength=&#8220;0.3&#8243; width=&#8220;1\/3&#8243; tablet_width_inherit=&#8220;default&#8220; tablet_text_alignment=&#8220;default&#8220; phone_text_alignment=&#8220;default&#8220; animation_type=&#8220;default&#8220; bg_image_animation=&#8220;none&#8220; border_type=&#8220;simple&#8220; column_border_width=&#8220;none&#8220; column_border_style=&#8220;solid&#8220;][vc_column_text css=&#8220;.vc_custom_1721976777081{border-top-width: 2px !important;border-right-width: 2px !important;border-bottom-width: 2px !important;border-left-width: 2px !important;padding-top: 40px !important;padding-right: 40px !important;padding-bottom: 40px !important;padding-left: 40px !important;border-left-color: #0a0a0a !important;border-left-style: solid !important;border-right-color: #0a0a0a !important;border-right-style: solid !important;border-top-color: #0a0a0a !important;border-top-style: solid !important;border-bottom-color: #0a0a0a !important;border-bottom-style: solid !important;}&#8220;]<strong>Innovation Vocational Excellence and Sustainability in Tech (INVESTech)<\/strong><\/p>\n<p><strong>\u00a0<\/strong>[\/vc_column_text][vc_column_text css=&#8220;.vc_custom_1722265756690{border-top-width: 2px !important;border-right-width: 2px !important;border-bottom-width: 2px !important;border-left-width: 2px !important;padding-top: 40px !important;padding-right: 40px !important;padding-bottom: 40px !important;padding-left: 40px !important;border-left-color: #0a0a0a !important;border-left-style: solid !important;border-right-color: #0a0a0a !important;border-right-style: solid !important;border-top-color: #0a0a0a !important;border-top-style: solid !important;border-bottom-color: #0a0a0a !important;border-bottom-style: solid !important;}&#8220;]\n<h4><span style=\"color: #a51890;\">Project consortium<br \/>\n<\/span><\/h4>\n<p>The project involves 18 partners from five countries (Slovakia, Greece, Cyprus, Bulgaria and Lithuania). Technical University of Ko\u0161ice is the project coordinator. The project is implemented in cooperation between the Faculty of Economics and the Faculty of Electrical Engineering and Informatics.[\/vc_column_text][vc_column_text css=&#8220;.vc_custom_1722265771728{border-top-width: 2px !important;border-right-width: 2px !important;border-bottom-width: 2px !important;border-left-width: 2px !important;padding-top: 40px !important;padding-right: 40px !important;padding-bottom: 40px !important;padding-left: 40px !important;border-left-color: #0a0a0a !important;border-left-style: solid !important;border-right-color: #0a0a0a !important;border-right-style: solid !important;border-top-color: #0a0a0a !important;border-top-style: solid !important;border-bottom-color: #0a0a0a !important;border-bottom-style: solid !important;}&#8220;]For more information, please contact: <a href=\"mailto:natasa.urbancikova@tuke.sk\">natasa.urbancikova@tuke.sk<\/a>[\/vc_column_text][\/vc_column][\/vc_row][vc_row type=&#8220;in_container&#8220; full_screen_row_position=&#8220;middle&#8220; column_margin=&#8220;default&#8220; column_direction=&#8220;default&#8220; column_direction_tablet=&#8220;default&#8220; column_direction_phone=&#8220;default&#8220; scene_position=&#8220;center&#8220; text_color=&#8220;dark&#8220; text_align=&#8220;left&#8220; row_border_radius=&#8220;none&#8220; row_border_radius_applies=&#8220;bg&#8220; overflow=&#8220;visible&#8220; overlay_strength=&#8220;0.3&#8243; gradient_direction=&#8220;left_to_right&#8220; shape_divider_position=&#8220;bottom&#8220; bg_image_animation=&#8220;none&#8220;][vc_column column_padding=&#8220;no-extra-padding&#8220; column_padding_tablet=&#8220;inherit&#8220; column_padding_phone=&#8220;inherit&#8220; column_padding_position=&#8220;all&#8220; column_element_spacing=&#8220;default&#8220; background_color_opacity=&#8220;1&#8243; background_hover_color_opacity=&#8220;1&#8243; column_shadow=&#8220;none&#8220; column_border_radius=&#8220;none&#8220; column_link_target=&#8220;_self&#8220; column_position=&#8220;default&#8220; gradient_direction=&#8220;left_to_right&#8220; overlay_strength=&#8220;0.3&#8243; width=&#8220;1\/1&#8243; tablet_width_inherit=&#8220;default&#8220; tablet_text_alignment=&#8220;default&#8220; phone_text_alignment=&#8220;default&#8220; animation_type=&#8220;default&#8220; bg_image_animation=&#8220;none&#8220; border_type=&#8220;simple&#8220; column_border_width=&#8220;none&#8220; column_border_style=&#8220;solid&#8220;][nectar_blog layout=&#8220;masonry-blog-fullwidth&#8220; blog_masonry_style=&#8220;inherit&#8220; load_in_animation=&#8220;none&#8220; category=&#8220;investech-en&#8220; order=&#8220;DESC&#8220; orderby=&#8220;date&#8220;][\/vc_column][\/vc_row]\n","protected":false},"excerpt":{"rendered":"<p>[vc_row type=&#8220;full_width_background&#8220; full_screen_row_position=&#8220;middle&#8220; column_margin=&#8220;default&#8220; equal_height=&#8220;yes&#8220; content_placement=&#8220;middle&#8220; column_direction=&#8220;default&#8220; column_direction_tablet=&#8220;default&#8220; column_direction_phone=&#8220;default&#8220; bg_color=&#8220;#0a0909&#8243;&#8230;<\/p>\n","protected":false},"author":4,"featured_media":0,"parent":0,"menu_order":0,"comment_status":"closed","ping_status":"closed","template":"","meta":{"_monsterinsights_skip_tracking":false,"_monsterinsights_sitenote_active":false,"_monsterinsights_sitenote_note":"","_monsterinsights_sitenote_category":0,"footnotes":""},"class_list":["post-8468","page","type-page","status-publish"],"_links":{"self":[{"href":"https:\/\/krvam.ekf.tuke.sk\/index.php\/wp-json\/wp\/v2\/pages\/8468","targetHints":{"allow":["GET"]}}],"collection":[{"href":"https:\/\/krvam.ekf.tuke.sk\/index.php\/wp-json\/wp\/v2\/pages"}],"about":[{"href":"https:\/\/krvam.ekf.tuke.sk\/index.php\/wp-json\/wp\/v2\/types\/page"}],"author":[{"embeddable":true,"href":"https:\/\/krvam.ekf.tuke.sk\/index.php\/wp-json\/wp\/v2\/users\/4"}],"replies":[{"embeddable":true,"href":"https:\/\/krvam.ekf.tuke.sk\/index.php\/wp-json\/wp\/v2\/comments?post=8468"}],"version-history":[{"count":5,"href":"https:\/\/krvam.ekf.tuke.sk\/index.php\/wp-json\/wp\/v2\/pages\/8468\/revisions"}],"predecessor-version":[{"id":8776,"href":"https:\/\/krvam.ekf.tuke.sk\/index.php\/wp-json\/wp\/v2\/pages\/8468\/revisions\/8776"}],"wp:attachment":[{"href":"https:\/\/krvam.ekf.tuke.sk\/index.php\/wp-json\/wp\/v2\/media?parent=8468"}],"curies":[{"name":"wp","href":"https:\/\/api.w.org\/{rel}","templated":true}]}}